{"id":478,"date":"2025-09-23T18:55:15","date_gmt":"2025-09-23T18:55:15","guid":{"rendered":"https:\/\/digushop.com\/product\/despertador-q-sunrise-con-luz-rgb-y-bluetooth\/"},"modified":"2025-09-23T18:55:29","modified_gmt":"2025-09-23T18:55:29","slug":"despertador-q-sunrise-con-luz-rgb-y-bluetooth","status":"publish","type":"product","link":"https:\/\/digushop.com\/en\/product\/despertador-q-sunrise-con-luz-rgb-y-bluetooth\/","title":{"rendered":"Despertador Q Sunrise con luz RGB y Bluetooth"},"content":{"rendered":"<p> <b> <font dir=\"auto\" style=\"vertical-align: inherit\"> <font dir=\"auto\" style=\"vertical-align: inherit\"> <font dir=\"auto\" style=\"vertical-align: inherit\"> <font dir=\"auto\" style=\"vertical-align: inherit\">Descripci\u00f3n general:<\/font> <\/font> <\/font> <\/font> <\/b> <\/p>\n<p> <font dir=\"auto\" style=\"vertical-align: inherit\"> <font dir=\"auto\" style=\"vertical-align: inherit\"> <font dir=\"auto\" style=\"vertical-align: inherit\"> <font dir=\"auto\" style=\"vertical-align: inherit\">1. 15 canciones de ruido blanco integradas: soluciona tus problemas de sue\u00f1o. <\/font> <\/font> <\/font> <\/font> <br \/> <font dir=\"auto\" style=\"vertical-align: inherit\"> <font dir=\"auto\" style=\"vertical-align: inherit\"> <font dir=\"auto\" style=\"vertical-align: inherit\"> <font dir=\"auto\" style=\"vertical-align: inherit\">2. Conecte el control Smart Night Light: la luz puede lograr un ajuste de color infinito y crear una atm\u00f3sfera colorida. <\/font> <\/font> <\/font> <\/font> <br \/> <font dir=\"auto\" style=\"vertical-align: inherit\"> <font dir=\"auto\" style=\"vertical-align: inherit\"> <font dir=\"auto\" style=\"vertical-align: inherit\"> <font dir=\"auto\" style=\"vertical-align: inherit\">3. 90 cuentas de luz RGBCW est\u00e1n dispuestas alrededor: crea efectos de luz mixtas din\u00e1micas, crea un espacio de atm\u00f3sfera hermosa. <\/font> <\/font> <\/font> <\/font> <br \/> <font dir=\"auto\" style=\"vertical-align: inherit\"> <font dir=\"auto\" style=\"vertical-align: inherit\"> <font dir=\"auto\" style=\"vertical-align: inherit\"> <font dir=\"auto\" style=\"vertical-align: inherit\">4. El tel\u00e9fono se controla a trav\u00e9s de la aplicaci\u00f3n Smart Night Light: la conexi\u00f3n es simple y f\u00e1cil de operar, diga adi\u00f3s a los m\u00e9todos de conexi\u00f3n engorrosos.<\/font> <\/font> <\/font> <\/font>  <\/p>\n<p> <b> <br \/> <\/b> <\/p>\n<p> <b> <font dir=\"auto\" style=\"vertical-align: inherit\"> <font dir=\"auto\" style=\"vertical-align: inherit\"> <font dir=\"auto\" style=\"vertical-align: inherit\"> <font dir=\"auto\" style=\"vertical-align: inherit\">Informaci\u00f3n del producto:<\/font> <\/font> <\/font> <\/font> <\/b> <br \/> <font dir=\"auto\" style=\"vertical-align: inherit\"> <font dir=\"auto\" style=\"vertical-align: inherit\"> <font dir=\"auto\" style=\"vertical-align: inherit\"> <font dir=\"auto\" style=\"vertical-align: inherit\"> Especificaciones: negro, blanco <\/font> <\/font> <\/font> <\/font> <br \/> <font dir=\"auto\" style=\"vertical-align: inherit\"> <font dir=\"auto\" style=\"vertical-align: inherit\"> <font dir=\"auto\" style=\"vertical-align: inherit\"> <font dir=\"auto\" style=\"vertical-align: inherit\">Tama\u00f1o: 210*75 <\/font> <\/font> <\/font> <\/font> <br \/> <font dir=\"auto\" style=\"vertical-align: inherit\"> <font dir=\"auto\" style=\"vertical-align: inherit\"> <font dir=\"auto\" style=\"vertical-align: inherit\"> <font dir=\"auto\" style=\"vertical-align: inherit\">Estilo: simplicidad moderna<\/font> <\/font> <\/font> <\/font> <\/p>\n<p> <br \/>\n<b> <font dir=\"auto\" style=\"vertical-align: inherit\"> <font dir=\"auto\" style=\"vertical-align: inherit\"> <font dir=\"auto\" style=\"vertical-align: inherit\"> <font dir=\"auto\" style=\"vertical-align: inherit\">Lista de embalaje:<\/font> <\/font> <\/font> <\/font> <\/b><br \/>\n<br \/> <br \/>\n<font dir=\"auto\" style=\"vertical-align: inherit\"> <font dir=\"auto\" style=\"vertical-align: inherit\"> <font dir=\"auto\" style=\"vertical-align: inherit\"> <font dir=\"auto\" style=\"vertical-align: inherit\"> Luz ambiental tama\u00f1o QX 1PC Manual de instrucciones X 1PC, cable de alimentaci\u00f3n USB X 1PC Control remoto tipo QX 1PC <\/font> <\/font> <\/font> <\/font> <\/p>\n<p> <\/p>\n<p><b> <font dir=\"auto\" style=\"vertical-align: inherit\"> <font dir=\"auto\" style=\"vertical-align: inherit\"> <font dir=\"auto\" style=\"vertical-align: inherit\"> <font dir=\"auto\" style=\"vertical-align: inherit\">Imagen del producto:<\/font> <\/font> <\/font> <\/font> <\/b><br \/>\n<br \/> <br \/>\n<img decoding=\"async\" src=\"https:\/\/cf.cjdropshipping.com\/17004384\/1726511531874717696.jpg\"><br \/>\n<img decoding=\"async\" src=\"https:\/\/cf.cjdropshipping.com\/17004384\/1726511532126375936.jpg\"><br \/>\n<img decoding=\"async\" src=\"https:\/\/cf.cjdropshipping.com\/17004384\/1726511532315119616.jpg\"><br \/>\n<img decoding=\"async\" src=\"https:\/\/cf.cjdropshipping.com\/17004384\/1726511532596137984.jpg\"><br \/>\n<img decoding=\"async\" src=\"https:\/\/cf.cjdropshipping.com\/17004384\/1726511532818436096.jpg\"><br \/>\n<img decoding=\"async\" src=\"https:\/\/cf.cjdropshipping.com\/17004384\/1726511532990402560.jpg\"><br \/>\n<img decoding=\"async\" src=\"https:\/\/cf.cjdropshipping.com\/17004384\/1726511533242060800.jpg\"><br \/>\n<img decoding=\"async\" src=\"https:\/\/cf.cjdropshipping.com\/17004384\/1726511533485330432.jpg\"><br \/>\n<img decoding=\"async\" src=\"https:\/\/cf.cjdropshipping.com\/17004384\/1726511533690851328.jpg\"><br \/>\n<img decoding=\"async\" src=\"https:\/\/cf.cjdropshipping.com\/17004384\/1726511533850234880.jpg\"><\/p>","protected":false},"excerpt":{"rendered":"<p>Descripci\u00f3n general: 1. 15 canciones de ruido blanco integradas: soluciona tus problemas de sue\u00f1o. 2. Conecte el control Smart Night Light: la luz puede lograr un ajuste de color infinito y crear una atm\u00f3sfera colorida. 3. 90 cuentas de luz RGBCW est\u00e1n dispuestas alrededor: crea efectos de luz mixtas din\u00e1micas, crea un espacio de atm\u00f3sfera &hellip;<\/p>\n<p class=\"read-more\"> <a class=\"thunk-readmore button\" href=\"https:\/\/digushop.com\/en\/product\/despertador-q-sunrise-con-luz-rgb-y-bluetooth\/\"> <span class=\"screen-reader-text\">Despertador Q Sunrise con luz RGB y Bluetooth<\/span>Read More<\/a><\/p>","protected":false},"featured_media":471,"comment_status":"open","ping_status":"closed","template":"","meta":{"_gspb_post_css":"","content-type":""},"product_brand":[],"product_cat":[31],"product_tag":[56,51,57,53,54,55,52],"class_list":{"0":"post-478","1":"product","2":"type-product","3":"status-publish","4":"has-post-thumbnail","6":"product_cat-on-sale","7":"product_tag-alarma-inteligente","8":"product_tag-despertador","9":"product_tag-dormitorio","10":"product_tag-luz-amanecer","11":"product_tag-luz-ambiental","12":"product_tag-luz-rgb","13":"product_tag-sunrise","14":"thunk-woo-product-list","15":"opn-qv-enable","16":"top-store-woo-hover-zoom","17":"top-store-single-product-tab-horizontal","18":"top-store-shadow-","19":"top-store-shadow-hover-","21":"first","22":"instock","23":"shipping-taxable","24":"purchasable","25":"product-type-variable"},"aioseo_notices":[],"_links":{"self":[{"href":"https:\/\/digushop.com\/en\/wp-json\/wp\/v2\/product\/478","targetHints":{"allow":["GET"]}}],"collection":[{"href":"https:\/\/digushop.com\/en\/wp-json\/wp\/v2\/product"}],"about":[{"href":"https:\/\/digushop.com\/en\/wp-json\/wp\/v2\/types\/product"}],"replies":[{"embeddable":true,"href":"https:\/\/digushop.com\/en\/wp-json\/wp\/v2\/comments?post=478"}],"wp:featuredmedia":[{"embeddable":true,"href":"https:\/\/digushop.com\/en\/wp-json\/wp\/v2\/media\/471"}],"wp:attachment":[{"href":"https:\/\/digushop.com\/en\/wp-json\/wp\/v2\/media?parent=478"}],"wp:term":[{"taxonomy":"product_brand","embeddable":true,"href":"https:\/\/digushop.com\/en\/wp-json\/wp\/v2\/product_brand?post=478"},{"taxonomy":"product_cat","embeddable":true,"href":"https:\/\/digushop.com\/en\/wp-json\/wp\/v2\/product_cat?post=478"},{"taxonomy":"product_tag","embeddable":true,"href":"https:\/\/digushop.com\/en\/wp-json\/wp\/v2\/product_tag?post=478"}],"curies":[{"name":"wp","href":"https:\/\/api.w.org\/{rel}","templated":true}]}}