{"id":695,"date":"2025-09-24T17:37:10","date_gmt":"2025-09-24T17:37:10","guid":{"rendered":"https:\/\/digushop.com\/product\/cortaunas-2-en-1-para-mascotas-con-luz-led-y-guia-de-linea-de-sangre\/"},"modified":"2025-09-24T17:37:24","modified_gmt":"2025-09-24T17:37:24","slug":"cortaunas-2-en-1-para-mascotas-con-luz-led-y-guia-de-linea-de-sangre","status":"publish","type":"product","link":"https:\/\/digushop.com\/en\/product\/cortaunas-2-en-1-para-mascotas-con-luz-led-y-guia-de-linea-de-sangre\/","title":{"rendered":"Corta\u00fa\u00f1as 2 en 1 para Mascotas con Luz LED y Gu\u00eda de L\u00ednea de Sangre"},"content":{"rendered":"<p> <b>Overview:<\/b> <\/p>\n<p> <b>2-in-1 Professional Grooming Tool<\/b> <br \/> Combined nail clipper and grinder <br \/> Stainless steel blades for precision <br \/> Creates smooth rounded nail edges <\/p>\n<p> <b>LED Safety Illumination<\/b> <br \/> Dual LED lights for visibility <br \/> Clearly identifies blood vessels <br \/> Prevents over-trimming accidents <\/p>\n<p> <b>Hygienic Dust Management<\/b> <br \/> Built-in debris collection guard <br \/> Protects pet eyes from shavings <br \/> Easy nail dust disposal <\/p>\n<p> <b> <br \/> <\/b> <\/p>\n<p> <b>Product information:<\/b> <br \/> Color: white, green, pink <br \/> Material: ABS, stainless steel <br \/> Applicable object: Home Pet Universal <br \/> Size: 180*41 * 22mm <br \/> Charging Method: TYPE-C charging cable <\/p>\n<p> <br \/>\n<b>Packing list: <\/b><br \/>\n<br \/> 1* Pet Nail Clipper<br \/>\n<br \/> <br \/>\n<b>Product Image:<\/b><br \/>\n<br \/> <br \/>\n<img decoding=\"async\" src=\"https:\/\/oss-cf.cjdropshipping.com\/product\/2025\/01\/08\/08\/c2c8c931-cabe-4003-8f49-344491b5779e_trans.jpeg\"><br \/>\n<img decoding=\"async\" src=\"https:\/\/oss-cf.cjdropshipping.com\/product\/2025\/01\/08\/08\/f909e49d-9f8e-47ce-8c50-5fe6697141cf_trans.jpeg\"><br \/>\n<img decoding=\"async\" src=\"https:\/\/oss-cf.cjdropshipping.com\/product\/2025\/01\/08\/08\/15e9ed1a-6223-4c72-add3-553eb45e496f_trans.jpeg\"><br \/>\n<img decoding=\"async\" src=\"https:\/\/oss-cf.cjdropshipping.com\/product\/2025\/01\/08\/08\/da72c138-7a24-4697-9884-6146b0dc5567_trans.jpeg\"><br \/>\n<img decoding=\"async\" src=\"https:\/\/oss-cf.cjdropshipping.com\/product\/2025\/01\/08\/08\/c9a6baa5-289b-494c-8208-57db1df4757c_trans.jpeg\"><br \/>\n<img decoding=\"async\" src=\"https:\/\/oss-cf.cjdropshipping.com\/product\/2025\/01\/08\/08\/5a7f0f43-1480-4337-bb51-b322642b7d57_trans.jpeg\"><br \/>\n<img decoding=\"async\" src=\"https:\/\/oss-cf.cjdropshipping.com\/product\/2025\/01\/08\/08\/fd9c2602-71cd-45cb-9198-6e5bd679872b_trans.jpeg\"><br \/>\n<img decoding=\"async\" src=\"https:\/\/oss-cf.cjdropshipping.com\/product\/2025\/01\/08\/08\/62bfa1c8-12fb-4550-9693-e5230b13ff30_trans.jpeg\"><br \/>\n<img decoding=\"async\" src=\"https:\/\/oss-cf.cjdropshipping.com\/product\/2025\/01\/08\/08\/fe7ef5aa-bf35-40d3-8038-1ca5f230fccd_trans.jpeg\"><br \/>\n<img decoding=\"async\" src=\"https:\/\/oss-cf.cjdropshipping.com\/product\/2025\/01\/08\/08\/0d811ae6-f1e2-43f4-948b-ed7bd0c06795_trans.jpeg\"><br \/>\n<img decoding=\"async\" src=\"https:\/\/oss-cf.cjdropshipping.com\/product\/2025\/01\/08\/08\/73f22733-c865-4305-a57c-bfdf89b976d5_trans.jpeg\"><br \/>\n<img decoding=\"async\" src=\"https:\/\/oss-cf.cjdropshipping.com\/product\/2025\/01\/08\/08\/689f264d-fca2-49ef-9e03-0236f6ea55f7_trans.jpeg\"><br \/>\n<img decoding=\"async\" src=\"https:\/\/oss-cf.cjdropshipping.com\/product\/2025\/01\/08\/08\/b768dfbc-e429-47ce-907f-321645bdbb7d_trans.jpeg\"><\/p>","protected":false},"excerpt":{"rendered":"<p>Overview: 2-in-1 Professional Grooming Tool Combined nail clipper and grinder Stainless steel blades for precision Creates smooth rounded nail edges LED Safety Illumination Dual LED lights for visibility Clearly identifies blood vessels Prevents over-trimming accidents Hygienic Dust Management Built-in debris collection guard Protects pet eyes from shavings Easy nail dust disposal Product information: Color: white, &hellip;<\/p>\n<p class=\"read-more\"> <a class=\"thunk-readmore button\" href=\"https:\/\/digushop.com\/en\/product\/cortaunas-2-en-1-para-mascotas-con-luz-led-y-guia-de-linea-de-sangre\/\"> <span class=\"screen-reader-text\">Corta\u00fa\u00f1as 2 en 1 para Mascotas con Luz LED y Gu\u00eda de L\u00ednea de Sangre<\/span>Read More<\/a><\/p>","protected":false},"featured_media":685,"comment_status":"open","ping_status":"closed","template":"","meta":{"_gspb_post_css":"","content-type":""},"product_brand":[],"product_cat":[74],"product_tag":[101,100,102,103,99],"class_list":{"0":"post-695","1":"product","2":"type-product","3":"status-publish","4":"has-post-thumbnail","6":"product_cat-mascota","7":"product_tag-cortaunas-mascotas","8":"product_tag-cuidado-de-patas","9":"product_tag-luz-led","10":"product_tag-seguro","11":"product_tag-veterinaria","12":"thunk-woo-product-list","13":"opn-qv-enable","14":"top-store-woo-hover-zoom","15":"top-store-single-product-tab-horizontal","16":"top-store-shadow-","17":"top-store-shadow-hover-","19":"first","20":"instock","21":"shipping-taxable","22":"purchasable","23":"product-type-variable"},"aioseo_notices":[],"_links":{"self":[{"href":"https:\/\/digushop.com\/en\/wp-json\/wp\/v2\/product\/695","targetHints":{"allow":["GET"]}}],"collection":[{"href":"https:\/\/digushop.com\/en\/wp-json\/wp\/v2\/product"}],"about":[{"href":"https:\/\/digushop.com\/en\/wp-json\/wp\/v2\/types\/product"}],"replies":[{"embeddable":true,"href":"https:\/\/digushop.com\/en\/wp-json\/wp\/v2\/comments?post=695"}],"wp:featuredmedia":[{"embeddable":true,"href":"https:\/\/digushop.com\/en\/wp-json\/wp\/v2\/media\/685"}],"wp:attachment":[{"href":"https:\/\/digushop.com\/en\/wp-json\/wp\/v2\/media?parent=695"}],"wp:term":[{"taxonomy":"product_brand","embeddable":true,"href":"https:\/\/digushop.com\/en\/wp-json\/wp\/v2\/product_brand?post=695"},{"taxonomy":"product_cat","embeddable":true,"href":"https:\/\/digushop.com\/en\/wp-json\/wp\/v2\/product_cat?post=695"},{"taxonomy":"product_tag","embeddable":true,"href":"https:\/\/digushop.com\/en\/wp-json\/wp\/v2\/product_tag?post=695"}],"curies":[{"name":"wp","href":"https:\/\/api.w.org\/{rel}","templated":true}]}}