{"id":717,"date":"2025-09-24T18:45:46","date_gmt":"2025-09-24T18:45:46","guid":{"rendered":"https:\/\/digushop.com\/product\/audifonos-bluetooth-gaming-de-baja-latencia-e-sports\/"},"modified":"2026-02-27T16:59:36","modified_gmt":"2026-02-27T16:59:36","slug":"audifonos-bluetooth-gaming-de-baja-latencia-e-sports","status":"publish","type":"product","link":"https:\/\/digushop.com\/en\/product\/audifonos-bluetooth-gaming-de-baja-latencia-e-sports\/","title":{"rendered":"Aud\u00edfonos Bluetooth Gaming de Baja Latencia (E-Sports)"},"content":{"rendered":"<p><b> <span dir=\"auto\" style=\"vertical-align: inherit;\"> <span dir=\"auto\" style=\"vertical-align: inherit;\">Informaci\u00f3n del producto:<\/span> <\/span> <\/b><\/p>\n<p><span dir=\"auto\" style=\"vertical-align: inherit;\"> <span dir=\"auto\" style=\"vertical-align: inherit;\">Alcance de transmisi\u00f3n: 10 metros <\/span> <\/span><br \/>\n<span dir=\"auto\" style=\"vertical-align: inherit;\"> <span dir=\"auto\" style=\"vertical-align: inherit;\">Funci\u00f3n: visualizaci\u00f3n de la bater\u00eda, funci\u00f3n de llamada, control de voz, m\u00fasica de apoyo <\/span> <\/span><br \/>\n<span dir=\"auto\" style=\"vertical-align: inherit;\"> <span dir=\"auto\" style=\"vertical-align: inherit;\">Protocolo Bluetooth: 5.2 <\/span> <\/span><br \/>\n<span dir=\"auto\" style=\"vertical-align: inherit;\"> <span dir=\"auto\" style=\"vertical-align: inherit;\">Canal: est\u00e9reo <\/span> <\/span><br \/>\n<span dir=\"auto\" style=\"vertical-align: inherit;\"> <span dir=\"auto\" style=\"vertical-align: inherit;\">C\u00f3mo utilizar: estilo tap\u00f3n para los o\u00eddos <\/span> <\/span><br \/>\n<span dir=\"auto\" style=\"vertical-align: inherit;\"> <span dir=\"auto\" style=\"vertical-align: inherit;\">Ocasiones de obsequio aplicables: bodas, cumplea\u00f1os, d\u00edas festivos, inauguraci\u00f3n de la casa, ferias comerciales, promociones publicitarias, beneficios para empleados, celebraciones de aniversario, obsequios empresariales, ceremonias de apertura, conmemoraciones de premios, planificaci\u00f3n de relaciones p\u00fablicas <\/span> <\/span><br \/>\n<span dir=\"auto\" style=\"vertical-align: inherit;\"> <span dir=\"auto\" style=\"vertical-align: inherit;\">Tipo de molde: molde privado<\/span> <\/span><\/p>\n<p>&nbsp;<\/p>\n<p><b> <span dir=\"auto\" style=\"vertical-align: inherit;\"> <span dir=\"auto\" style=\"vertical-align: inherit;\">Lista de embalaje:<\/span> <\/span> <\/b><br \/>\n<span dir=\"auto\" style=\"vertical-align: inherit;\"> <span dir=\"auto\" style=\"vertical-align: inherit;\"> Auriculares x1<\/span> <\/span><\/p>\n<p><img decoding=\"async\" src=\"https:\/\/cf.cjdropshipping.com\/016c4ef5-88cd-4eef-94e9-d58132574cf4.jpg\" \/> <img decoding=\"async\" src=\"https:\/\/cf.cjdropshipping.com\/bf9a43ec-1285-4b06-89fc-625f8783a144.jpg\" \/> <img decoding=\"async\" src=\"https:\/\/cf.cjdropshipping.com\/769f313f-10e5-44ca-b400-7cf86a0a838f.jpg\" \/> <img decoding=\"async\" src=\"https:\/\/cf.cjdropshipping.com\/27cc60b9-36b9-4c44-af9b-820551f23e1d.jpg\" \/> <img decoding=\"async\" src=\"https:\/\/cf.cjdropshipping.com\/60e196ae-6326-4058-b8ac-c923e5a7c9fe.jpg\" \/> <img decoding=\"async\" src=\"https:\/\/cf.cjdropshipping.com\/87a58240-5056-4bdd-b9b9-1c4cd8779af4.jpg\" \/><\/p>","protected":false},"excerpt":{"rendered":"<p>Informaci\u00f3n del producto: Alcance de transmisi\u00f3n: 10 metros Funci\u00f3n: visualizaci\u00f3n de la bater\u00eda, funci\u00f3n de llamada, control de voz, m\u00fasica de apoyo Protocolo Bluetooth: 5.2 Canal: est\u00e9reo C\u00f3mo utilizar: estilo tap\u00f3n para los o\u00eddos Ocasiones de obsequio aplicables: bodas, cumplea\u00f1os, d\u00edas festivos, inauguraci\u00f3n de la casa, ferias comerciales, promociones publicitarias, beneficios para empleados, celebraciones de &hellip;<\/p>\n<p class=\"read-more\"> <a class=\"thunk-readmore button\" href=\"https:\/\/digushop.com\/en\/product\/audifonos-bluetooth-gaming-de-baja-latencia-e-sports\/\"> <span class=\"screen-reader-text\">Aud\u00edfonos Bluetooth Gaming de Baja Latencia (E-Sports)<\/span>Read More<\/a><\/p>","protected":false},"featured_media":710,"comment_status":"open","ping_status":"closed","template":"","meta":{"_gspb_post_css":"","content-type":""},"product_brand":[],"product_cat":[24,37],"product_tag":[106,105,48,104,23],"class_list":{"0":"post-717","1":"product","2":"type-product","3":"status-publish","4":"has-post-thumbnail","6":"product_cat-headphones","7":"product_cat-gaming","8":"product_tag-accesorio-gamer","9":"product_tag-baja-latencia","10":"product_tag-bluetooth","11":"product_tag-e-sports","12":"product_tag-gaming","13":"thunk-woo-product-list","14":"opn-qv-enable","15":"top-store-woo-hover-zoom","16":"top-store-single-product-tab-horizontal","17":"top-store-shadow-","18":"top-store-shadow-hover-","20":"first","21":"instock","22":"shipping-taxable","23":"purchasable","24":"product-type-variable"},"aioseo_notices":[],"_links":{"self":[{"href":"https:\/\/digushop.com\/en\/wp-json\/wp\/v2\/product\/717","targetHints":{"allow":["GET"]}}],"collection":[{"href":"https:\/\/digushop.com\/en\/wp-json\/wp\/v2\/product"}],"about":[{"href":"https:\/\/digushop.com\/en\/wp-json\/wp\/v2\/types\/product"}],"replies":[{"embeddable":true,"href":"https:\/\/digushop.com\/en\/wp-json\/wp\/v2\/comments?post=717"}],"wp:featuredmedia":[{"embeddable":true,"href":"https:\/\/digushop.com\/en\/wp-json\/wp\/v2\/media\/710"}],"wp:attachment":[{"href":"https:\/\/digushop.com\/en\/wp-json\/wp\/v2\/media?parent=717"}],"wp:term":[{"taxonomy":"product_brand","embeddable":true,"href":"https:\/\/digushop.com\/en\/wp-json\/wp\/v2\/product_brand?post=717"},{"taxonomy":"product_cat","embeddable":true,"href":"https:\/\/digushop.com\/en\/wp-json\/wp\/v2\/product_cat?post=717"},{"taxonomy":"product_tag","embeddable":true,"href":"https:\/\/digushop.com\/en\/wp-json\/wp\/v2\/product_tag?post=717"}],"curies":[{"name":"wp","href":"https:\/\/api.w.org\/{rel}","templated":true}]}}