{"id":794,"date":"2025-09-27T15:07:58","date_gmt":"2025-09-27T15:07:58","guid":{"rendered":"https:\/\/digushop.com\/?post_type=product&#038;p=794"},"modified":"2025-09-27T15:07:58","modified_gmt":"2025-09-27T15:07:58","slug":"samsung-s24-ultra-512gb","status":"publish","type":"product","link":"https:\/\/digushop.com\/en\/product\/samsung-s24-ultra-512gb\/","title":{"rendered":"Samsung S24 Ultra 512GB"},"content":{"rendered":"<p>El Samsung Galaxy S24 Ultra con 512 GB re\u00fane potencia extrema, c\u00e1mara profesional y las nuevas funciones <strong data-start=\"158\" data-end=\"171\">Galaxy AI<\/strong>. Su pantalla <strong data-start=\"185\" data-end=\"214\" data-is-only-node=\"\">Dynamic AMOLED 2X de 6.8&#8243;<\/strong> con <strong data-start=\"219\" data-end=\"229\">120 Hz<\/strong> y brillo alto ofrece una visual n\u00edtida incluso al sol; el dise\u00f1o con marco de titanio y vidrio resistente da sensaci\u00f3n premium y mayor durabilidad. Incluye <strong data-start=\"386\" data-end=\"395\">S Pen<\/strong> para anotar, dibujar y editar con precisi\u00f3n. El chip <strong data-start=\"449\" data-end=\"482\">Snapdragon 8 Gen 3 for Galaxy<\/strong> acelera juegos y multitarea, mientras que la bater\u00eda de <strong data-start=\"539\" data-end=\"552\">5,000 mAh<\/strong> rinde todo el d\u00eda con carga s\u00faper r\u00e1pida e inal\u00e1mbrica. El sistema de c\u00e1maras liderado por un <strong data-start=\"647\" data-end=\"667\">sensor de 200 MP<\/strong> m\u00e1s <strong data-start=\"672\" data-end=\"703\">teleobjetivo perisc\u00f3pico 5x<\/strong>, 3x y ultra gran angular captura fotos detalladas y video 8K; con Nightography y estabilizaci\u00f3n avanzada tendr\u00e1s resultados brillantes de d\u00eda y de noche. 5G, Wi-Fi de \u00faltima generaci\u00f3n, <strong data-start=\"890\" data-end=\"899\">USB-C<\/strong>, <strong data-start=\"901\" data-end=\"909\">IP68<\/strong> y seguridad Samsung Knox completan una experiencia de gama ultra.<\/p>","protected":false},"excerpt":{"rendered":"<p>Galaxy S24 Ultra 512 GB con <strong data-start=\"1029\" data-end=\"1038\">S Pen<\/strong>, pantalla <strong data-start=\"1049\" data-end=\"1071\" data-is-only-node=\"\">6.8&#8243; AMOLED 120 Hz<\/strong>, c\u00e1mara <strong data-start=\"1080\" data-end=\"1090\">200 MP<\/strong> + tele 5x, <strong data-start=\"1102\" data-end=\"1115\">Galaxy AI<\/strong>, Snapdragon 8 Gen 3, bater\u00eda <strong data-start=\"1145\" data-end=\"1158\">5,000 mAh<\/strong>, 5G, USB-C e IP68. Premium y potente para todo.<\/p>","protected":false},"featured_media":795,"comment_status":"open","ping_status":"closed","template":"","meta":{"_gspb_post_css":"","content-type":""},"product_brand":[],"product_cat":[32],"product_tag":[],"class_list":{"0":"post-794","1":"product","2":"type-product","3":"status-publish","4":"has-post-thumbnail","6":"product_cat-smartphone","7":"thunk-woo-product-list","8":"opn-qv-enable","9":"top-store-woo-hover-zoom","10":"top-store-single-product-tab-horizontal","11":"top-store-shadow-","12":"top-store-shadow-hover-","14":"first","15":"instock","16":"sale","17":"shipping-taxable","18":"purchasable","19":"product-type-simple"},"aioseo_notices":[],"_links":{"self":[{"href":"https:\/\/digushop.com\/en\/wp-json\/wp\/v2\/product\/794","targetHints":{"allow":["GET"]}}],"collection":[{"href":"https:\/\/digushop.com\/en\/wp-json\/wp\/v2\/product"}],"about":[{"href":"https:\/\/digushop.com\/en\/wp-json\/wp\/v2\/types\/product"}],"replies":[{"embeddable":true,"href":"https:\/\/digushop.com\/en\/wp-json\/wp\/v2\/comments?post=794"}],"wp:featuredmedia":[{"embeddable":true,"href":"https:\/\/digushop.com\/en\/wp-json\/wp\/v2\/media\/795"}],"wp:attachment":[{"href":"https:\/\/digushop.com\/en\/wp-json\/wp\/v2\/media?parent=794"}],"wp:term":[{"taxonomy":"product_brand","embeddable":true,"href":"https:\/\/digushop.com\/en\/wp-json\/wp\/v2\/product_brand?post=794"},{"taxonomy":"product_cat","embeddable":true,"href":"https:\/\/digushop.com\/en\/wp-json\/wp\/v2\/product_cat?post=794"},{"taxonomy":"product_tag","embeddable":true,"href":"https:\/\/digushop.com\/en\/wp-json\/wp\/v2\/product_tag?post=794"}],"curies":[{"name":"wp","href":"https:\/\/api.w.org\/{rel}","templated":true}]}}