{"id":806,"date":"2025-09-27T15:18:57","date_gmt":"2025-09-27T15:18:57","guid":{"rendered":"https:\/\/digushop.com\/?post_type=product&#038;p=806"},"modified":"2025-09-27T15:18:58","modified_gmt":"2025-09-27T15:18:58","slug":"samsung-a05","status":"publish","type":"product","link":"https:\/\/digushop.com\/en\/product\/samsung-a05\/","title":{"rendered":"Samsung A05"},"content":{"rendered":"<p>El Samsung Galaxy A05 es un tel\u00e9fono confiable y accesible para el d\u00eda a d\u00eda. Su <strong data-start=\"121\" data-end=\"144\">pantalla grande HD+<\/strong> ofrece buena visual para redes, series y clases, mientras que el rendimiento es fluido para apps habituales y multitarea b\u00e1sica. La <strong data-start=\"277\" data-end=\"323\" data-is-only-node=\"\">c\u00e1mara trasera con modo retrato y nocturno<\/strong> captura fotos n\u00edtidas; la frontal da selfies listas para tus historias. Incluye <strong data-start=\"404\" data-end=\"433\">bater\u00eda de larga duraci\u00f3n<\/strong> con <strong data-start=\"438\" data-end=\"464\">carga r\u00e1pida por USB-C<\/strong>, <strong data-start=\"466\" data-end=\"472\">4G<\/strong>, Wi-Fi y Bluetooth estables, adem\u00e1s de <strong data-start=\"512\" data-end=\"522\">One UI<\/strong> con seguridad <strong data-start=\"537\" data-end=\"553\">Samsung Knox<\/strong>. El almacenamiento se puede <strong data-start=\"582\" data-end=\"605\">ampliar con microSD<\/strong> (seg\u00fan versi\u00f3n), ideal para fotos, m\u00fasica y documentos. Un equipo pr\u00e1ctico, moderno y con gran relaci\u00f3n precio\u2013beneficio.<\/p>","protected":false},"excerpt":{"rendered":"<p>Galaxy A05: <strong data-start=\"765\" data-end=\"781\">pantalla HD+<\/strong>, c\u00e1maras con retrato y nocturno, <strong data-start=\"815\" data-end=\"844\" data-is-only-node=\"\">bater\u00eda de larga duraci\u00f3n<\/strong> con carga r\u00e1pida USB-C, <strong data-start=\"869\" data-end=\"875\">4G<\/strong>, One UI y opci\u00f3n de <strong data-start=\"896\" data-end=\"907\">microSD<\/strong>. Rendimiento confiable al mejor precio.<\/p>","protected":false},"featured_media":809,"comment_status":"open","ping_status":"closed","template":"","meta":{"_gspb_post_css":"","content-type":""},"product_brand":[],"product_cat":[32],"product_tag":[],"class_list":{"0":"post-806","1":"product","2":"type-product","3":"status-publish","4":"has-post-thumbnail","6":"product_cat-smartphone","7":"thunk-woo-product-list","8":"opn-qv-enable","9":"top-store-woo-hover-zoom","10":"top-store-single-product-tab-horizontal","11":"top-store-shadow-","12":"top-store-shadow-hover-","14":"first","15":"instock","16":"sale","17":"shipping-taxable","18":"purchasable","19":"product-type-variable"},"aioseo_notices":[],"_links":{"self":[{"href":"https:\/\/digushop.com\/en\/wp-json\/wp\/v2\/product\/806","targetHints":{"allow":["GET"]}}],"collection":[{"href":"https:\/\/digushop.com\/en\/wp-json\/wp\/v2\/product"}],"about":[{"href":"https:\/\/digushop.com\/en\/wp-json\/wp\/v2\/types\/product"}],"replies":[{"embeddable":true,"href":"https:\/\/digushop.com\/en\/wp-json\/wp\/v2\/comments?post=806"}],"wp:featuredmedia":[{"embeddable":true,"href":"https:\/\/digushop.com\/en\/wp-json\/wp\/v2\/media\/809"}],"wp:attachment":[{"href":"https:\/\/digushop.com\/en\/wp-json\/wp\/v2\/media?parent=806"}],"wp:term":[{"taxonomy":"product_brand","embeddable":true,"href":"https:\/\/digushop.com\/en\/wp-json\/wp\/v2\/product_brand?post=806"},{"taxonomy":"product_cat","embeddable":true,"href":"https:\/\/digushop.com\/en\/wp-json\/wp\/v2\/product_cat?post=806"},{"taxonomy":"product_tag","embeddable":true,"href":"https:\/\/digushop.com\/en\/wp-json\/wp\/v2\/product_tag?post=806"}],"curies":[{"name":"wp","href":"https:\/\/api.w.org\/{rel}","templated":true}]}}