{"id":836,"date":"2025-09-29T21:30:27","date_gmt":"2025-09-29T21:30:27","guid":{"rendered":"https:\/\/digushop.com\/?post_type=product&#038;p=836"},"modified":"2025-09-29T21:30:28","modified_gmt":"2025-09-29T21:30:28","slug":"tecno-spark-30c","status":"publish","type":"product","link":"https:\/\/digushop.com\/en\/product\/tecno-spark-30c\/","title":{"rendered":"Tecno Spark 30C"},"content":{"rendered":"<p>El TECNO Spark 30C es un gama media pensado para el d\u00eda a d\u00eda: pantalla <strong data-start=\"117\" data-end=\"130\">6.67&#8243; HD+<\/strong> con refresco <strong data-start=\"144\" data-end=\"154\" data-is-only-node=\"\">120 Hz<\/strong> en dise\u00f1o perforado, para desplazamientos y animaciones m\u00e1s fluidas. En fotograf\u00eda, monta <strong data-start=\"245\" data-end=\"254\">50 MP<\/strong> con flash dual y una frontal de <strong data-start=\"287\" data-end=\"295\">8 MP<\/strong> con flash para videollamadas y selfies claros. Suena potente gracias a <strong data-start=\"367\" data-end=\"403\">dos altavoces sim\u00e9tricos con DTS<\/strong>, e integra lector de <strong data-start=\"425\" data-end=\"443\">huella lateral<\/strong>. La bater\u00eda es de <strong data-start=\"462\" data-end=\"475\">5.000 mAh<\/strong> con <strong data-start=\"480\" data-end=\"504\">carga r\u00e1pida de 18 W<\/strong> por USB-C para aguantar toda la jornada. Corre <strong data-start=\"552\" data-end=\"566\">Android 14<\/strong> y a\u00f1ade extras poco comunes en su rango como <strong data-start=\"612\" data-end=\"634\">control infrarrojo<\/strong> y <strong data-start=\"637\" data-end=\"657\">resistencia IP54<\/strong> al polvo y salpicaduras. Seg\u00fan mercado, llega con <strong data-start=\"708\" data-end=\"732\">4 GB de RAM + 128 GB<\/strong> (con <strong data-start=\"738\" data-end=\"759\">Memoria Expandida<\/strong> por software). Un equipo equilibrado para redes, estudio y entretenimiento sin gastar de m\u00e1s.<\/p>","protected":false},"excerpt":{"rendered":"<p>Pantalla <strong data-start=\"926\" data-end=\"942\">6.67&#8243; 120 Hz<\/strong>, c\u00e1mara <strong data-start=\"951\" data-end=\"960\" data-is-only-node=\"\">50 MP<\/strong>, <strong data-start=\"962\" data-end=\"983\">bater\u00eda 5.000 mAh<\/strong> con <strong data-start=\"988\" data-end=\"996\">18 W<\/strong>, <strong data-start=\"998\" data-end=\"1022\">altavoces duales DTS<\/strong>, <strong data-start=\"1024\" data-end=\"1038\">Android 14<\/strong>, <strong data-start=\"1040\" data-end=\"1058\">huella lateral<\/strong>, <strong data-start=\"1060\" data-end=\"1068\">IP54<\/strong> e <strong data-start=\"1071\" data-end=\"1086\">infrarrojos<\/strong>: rendimiento s\u00f3lido y funciones completas a buen precio.<\/p>","protected":false},"featured_media":830,"comment_status":"open","ping_status":"closed","template":"","meta":{"_gspb_post_css":"","content-type":""},"product_brand":[],"product_cat":[32],"product_tag":[],"class_list":{"0":"post-836","1":"product","2":"type-product","3":"status-publish","4":"has-post-thumbnail","6":"product_cat-smartphone","7":"thunk-woo-product-list","8":"opn-qv-enable","9":"top-store-woo-hover-zoom","10":"top-store-single-product-tab-horizontal","11":"top-store-shadow-","12":"top-store-shadow-hover-","14":"first","15":"outofstock","16":"shipping-taxable","17":"product-type-simple"},"aioseo_notices":[],"_links":{"self":[{"href":"https:\/\/digushop.com\/en\/wp-json\/wp\/v2\/product\/836","targetHints":{"allow":["GET"]}}],"collection":[{"href":"https:\/\/digushop.com\/en\/wp-json\/wp\/v2\/product"}],"about":[{"href":"https:\/\/digushop.com\/en\/wp-json\/wp\/v2\/types\/product"}],"replies":[{"embeddable":true,"href":"https:\/\/digushop.com\/en\/wp-json\/wp\/v2\/comments?post=836"}],"wp:featuredmedia":[{"embeddable":true,"href":"https:\/\/digushop.com\/en\/wp-json\/wp\/v2\/media\/830"}],"wp:attachment":[{"href":"https:\/\/digushop.com\/en\/wp-json\/wp\/v2\/media?parent=836"}],"wp:term":[{"taxonomy":"product_brand","embeddable":true,"href":"https:\/\/digushop.com\/en\/wp-json\/wp\/v2\/product_brand?post=836"},{"taxonomy":"product_cat","embeddable":true,"href":"https:\/\/digushop.com\/en\/wp-json\/wp\/v2\/product_cat?post=836"},{"taxonomy":"product_tag","embeddable":true,"href":"https:\/\/digushop.com\/en\/wp-json\/wp\/v2\/product_tag?post=836"}],"curies":[{"name":"wp","href":"https:\/\/api.w.org\/{rel}","templated":true}]}}