{"id":839,"date":"2025-09-29T21:58:36","date_gmt":"2025-09-29T21:58:36","guid":{"rendered":"https:\/\/digushop.com\/?post_type=product&#038;p=839"},"modified":"2025-09-29T22:03:36","modified_gmt":"2025-09-29T22:03:36","slug":"nubia-neo-2-5g","status":"publish","type":"product","link":"https:\/\/digushop.com\/en\/product\/nubia-neo-2-5g\/","title":{"rendered":"Nubia Neo 2 5G"},"content":{"rendered":"<p data-start=\"271\" data-end=\"591\">El <strong data-start=\"274\" data-end=\"292\">nubia Neo 2 5G<\/strong> est\u00e1 pensado para jugar sin parar. Su dise\u00f1o gamer resalta a primera vista y su hardware optimizado ofrece partidas estables, respuesta r\u00e1pida y autonom\u00eda para todo el d\u00eda. Con conectividad <strong data-start=\"483\" data-end=\"489\">5G<\/strong>, gr\u00e1ficos suaves y sonido envolvente, es el aliado ideal para streaming, redes y juegos competitivos.<\/p>\n<p data-start=\"593\" data-end=\"611\"><strong data-start=\"593\" data-end=\"611\">Lo que destaca<\/strong><\/p>\n<ul data-start=\"612\" data-end=\"1377\">\n<li data-start=\"612\" data-end=\"687\">\n<p data-start=\"614\" data-end=\"687\">Conectividad <strong data-start=\"627\" data-end=\"633\">5G<\/strong> para descargas y partidas online con baja latencia.<\/p>\n<\/li>\n<li data-start=\"688\" data-end=\"774\">\n<p data-start=\"690\" data-end=\"774\"><strong data-start=\"690\" data-end=\"738\">Pantalla de alta frecuencia de actualizaci\u00f3n<\/strong>: animaciones y scroll m\u00e1s suaves.<\/p>\n<\/li>\n<li data-start=\"775\" data-end=\"843\">\n<p data-start=\"777\" data-end=\"843\"><strong data-start=\"777\" data-end=\"804\">Procesador de 8 n\u00facleos<\/strong> optimizado para gaming y multitarea.<\/p>\n<\/li>\n<li data-start=\"844\" data-end=\"946\">\n<p data-start=\"846\" data-end=\"946\"><strong data-start=\"846\" data-end=\"860\">Modo Juego<\/strong>: prioriza rendimiento, bloquea notificaciones y muestra m\u00e9tricas (FPS\/temperatura).<\/p>\n<\/li>\n<li data-start=\"947\" data-end=\"1036\">\n<p data-start=\"949\" data-end=\"1036\"><strong data-start=\"949\" data-end=\"976\">Sistema de enfriamiento<\/strong> multicapa para sesiones largas sin ca\u00eddas de rendimiento.<\/p>\n<\/li>\n<li data-start=\"1037\" data-end=\"1098\">\n<p data-start=\"1039\" data-end=\"1098\"><strong data-start=\"1039\" data-end=\"1068\">Bater\u00eda de larga duraci\u00f3n<\/strong> con <strong data-start=\"1073\" data-end=\"1095\">carga r\u00e1pida USB-C<\/strong>.<\/p>\n<\/li>\n<li data-start=\"1099\" data-end=\"1172\">\n<p data-start=\"1101\" data-end=\"1172\"><strong data-start=\"1101\" data-end=\"1118\">Audio potente<\/strong> y vibraci\u00f3n precisa para una experiencia inmersiva.<\/p>\n<\/li>\n<li data-start=\"1173\" data-end=\"1244\">\n<p data-start=\"1175\" data-end=\"1244\"><strong data-start=\"1175\" data-end=\"1193\">C\u00e1maras con IA<\/strong>: fotos n\u00edtidas de d\u00eda y de noche, video estable.<\/p>\n<\/li>\n<li data-start=\"1245\" data-end=\"1313\">\n<p data-start=\"1247\" data-end=\"1313\"><strong data-start=\"1247\" data-end=\"1272\">Seguridad y comodidad<\/strong>: desbloqueo facial y lector de huella.<\/p>\n<\/li>\n<li data-start=\"1314\" data-end=\"1377\">\n<p data-start=\"1316\" data-end=\"1377\">Dise\u00f1o resistente con acabados gamer en color amarillo\/negro.<\/p>\n<\/li>\n<\/ul>","protected":false},"excerpt":{"rendered":"<p><strong data-start=\"51\" data-end=\"69\">nubia Neo 2 5G<\/strong>: smartphone con ADN gamer, pantalla fluida, potencia de 8 n\u00facleos y bater\u00eda de larga duraci\u00f3n con carga r\u00e1pida. Dise\u00f1o amarillo ic\u00f3nico y <strong data-start=\"208\" data-end=\"222\">modo juego<\/strong> para m\u00e1ximo rendimiento.<\/p>","protected":false},"featured_media":840,"comment_status":"open","ping_status":"closed","template":"","meta":{"_gspb_post_css":"","content-type":""},"product_brand":[],"product_cat":[32],"product_tag":[],"class_list":{"0":"post-839","1":"product","2":"type-product","3":"status-publish","4":"has-post-thumbnail","6":"product_cat-smartphone","7":"thunk-woo-product-list","8":"opn-qv-enable","9":"top-store-woo-hover-zoom","10":"top-store-single-product-tab-horizontal","11":"top-store-shadow-","12":"top-store-shadow-hover-","14":"first","15":"outofstock","16":"shipping-taxable","17":"product-type-simple"},"aioseo_notices":[],"_links":{"self":[{"href":"https:\/\/digushop.com\/en\/wp-json\/wp\/v2\/product\/839","targetHints":{"allow":["GET"]}}],"collection":[{"href":"https:\/\/digushop.com\/en\/wp-json\/wp\/v2\/product"}],"about":[{"href":"https:\/\/digushop.com\/en\/wp-json\/wp\/v2\/types\/product"}],"replies":[{"embeddable":true,"href":"https:\/\/digushop.com\/en\/wp-json\/wp\/v2\/comments?post=839"}],"wp:featuredmedia":[{"embeddable":true,"href":"https:\/\/digushop.com\/en\/wp-json\/wp\/v2\/media\/840"}],"wp:attachment":[{"href":"https:\/\/digushop.com\/en\/wp-json\/wp\/v2\/media?parent=839"}],"wp:term":[{"taxonomy":"product_brand","embeddable":true,"href":"https:\/\/digushop.com\/en\/wp-json\/wp\/v2\/product_brand?post=839"},{"taxonomy":"product_cat","embeddable":true,"href":"https:\/\/digushop.com\/en\/wp-json\/wp\/v2\/product_cat?post=839"},{"taxonomy":"product_tag","embeddable":true,"href":"https:\/\/digushop.com\/en\/wp-json\/wp\/v2\/product_tag?post=839"}],"curies":[{"name":"wp","href":"https:\/\/api.w.org\/{rel}","templated":true}]}}