{"id":841,"date":"2025-09-29T22:08:38","date_gmt":"2025-09-29T22:08:38","guid":{"rendered":"https:\/\/digushop.com\/?post_type=product&#038;p=841"},"modified":"2025-09-29T22:08:56","modified_gmt":"2025-09-29T22:08:56","slug":"oppo-a5m","status":"publish","type":"product","link":"https:\/\/digushop.com\/en\/product\/oppo-a5m\/","title":{"rendered":"Oppo A5m"},"content":{"rendered":"<p>El OPPO A5m es un modelo equilibrado para quien busca buen precio sin renunciar a calidad. Ofrece pantalla amplia, c\u00e1mara con IA para retratos y modo noche, y bater\u00eda de gran capacidad con optimizaci\u00f3n de consumo. Con ColorOS disfrutas de Modo Ultra Volumen, protecci\u00f3n ocular y almacenamiento ampliable (seg\u00fan versi\u00f3n).<\/p>","protected":false},"excerpt":{"rendered":"<p>Buen rendimiento, bater\u00eda rendidora y c\u00e1mara con IA a precio conveniente.<\/p>","protected":false},"featured_media":843,"comment_status":"open","ping_status":"closed","template":"","meta":{"_gspb_post_css":"","content-type":""},"product_brand":[],"product_cat":[32],"product_tag":[],"class_list":{"0":"post-841","1":"product","2":"type-product","3":"status-publish","4":"has-post-thumbnail","6":"product_cat-smartphone","7":"thunk-woo-product-list","8":"opn-qv-enable","9":"top-store-woo-hover-zoom","10":"top-store-single-product-tab-horizontal","11":"top-store-shadow-","12":"top-store-shadow-hover-","14":"first","15":"outofstock","16":"shipping-taxable","17":"product-type-simple"},"aioseo_notices":[],"_links":{"self":[{"href":"https:\/\/digushop.com\/en\/wp-json\/wp\/v2\/product\/841","targetHints":{"allow":["GET"]}}],"collection":[{"href":"https:\/\/digushop.com\/en\/wp-json\/wp\/v2\/product"}],"about":[{"href":"https:\/\/digushop.com\/en\/wp-json\/wp\/v2\/types\/product"}],"replies":[{"embeddable":true,"href":"https:\/\/digushop.com\/en\/wp-json\/wp\/v2\/comments?post=841"}],"wp:featuredmedia":[{"embeddable":true,"href":"https:\/\/digushop.com\/en\/wp-json\/wp\/v2\/media\/843"}],"wp:attachment":[{"href":"https:\/\/digushop.com\/en\/wp-json\/wp\/v2\/media?parent=841"}],"wp:term":[{"taxonomy":"product_brand","embeddable":true,"href":"https:\/\/digushop.com\/en\/wp-json\/wp\/v2\/product_brand?post=841"},{"taxonomy":"product_cat","embeddable":true,"href":"https:\/\/digushop.com\/en\/wp-json\/wp\/v2\/product_cat?post=841"},{"taxonomy":"product_tag","embeddable":true,"href":"https:\/\/digushop.com\/en\/wp-json\/wp\/v2\/product_tag?post=841"}],"curies":[{"name":"wp","href":"https:\/\/api.w.org\/{rel}","templated":true}]}}