{"id":847,"date":"2025-09-29T22:10:34","date_gmt":"2025-09-29T22:10:34","guid":{"rendered":"https:\/\/digushop.com\/?post_type=product&#038;p=847"},"modified":"2025-09-29T22:10:34","modified_gmt":"2025-09-29T22:10:34","slug":"oppo-a5","status":"publish","type":"product","link":"https:\/\/digushop.com\/en\/product\/oppo-a5\/","title":{"rendered":"Oppo A5"},"content":{"rendered":"<p>El OPPO A5 ofrece lo esencial: pantalla grande para contenido, sonido potente, y una c\u00e1mara vers\u00e1til con IA que mejora colores y retratos. La bater\u00eda est\u00e1 optimizada para durar todo el d\u00eda y ColorOS a\u00f1ade herramientas pr\u00e1cticas como Gestos A\u00e9reos, Modo S\u00faper Ahorro y clonaci\u00f3n de apps.<\/p>","protected":false},"excerpt":{"rendered":"<p>Pantalla amplia, c\u00e1mara con IA y bater\u00eda para todo el d\u00eda en un dise\u00f1o c\u00f3modo y ligero.<\/p>","protected":false},"featured_media":842,"comment_status":"open","ping_status":"closed","template":"","meta":{"_gspb_post_css":"","content-type":""},"product_brand":[],"product_cat":[32],"product_tag":[],"class_list":{"0":"post-847","1":"product","2":"type-product","3":"status-publish","4":"has-post-thumbnail","6":"product_cat-smartphone","7":"thunk-woo-product-list","8":"opn-qv-enable","9":"top-store-woo-hover-zoom","10":"top-store-single-product-tab-horizontal","11":"top-store-shadow-","12":"top-store-shadow-hover-","14":"first","15":"outofstock","16":"shipping-taxable","17":"product-type-simple"},"aioseo_notices":[],"_links":{"self":[{"href":"https:\/\/digushop.com\/en\/wp-json\/wp\/v2\/product\/847","targetHints":{"allow":["GET"]}}],"collection":[{"href":"https:\/\/digushop.com\/en\/wp-json\/wp\/v2\/product"}],"about":[{"href":"https:\/\/digushop.com\/en\/wp-json\/wp\/v2\/types\/product"}],"replies":[{"embeddable":true,"href":"https:\/\/digushop.com\/en\/wp-json\/wp\/v2\/comments?post=847"}],"wp:featuredmedia":[{"embeddable":true,"href":"https:\/\/digushop.com\/en\/wp-json\/wp\/v2\/media\/842"}],"wp:attachment":[{"href":"https:\/\/digushop.com\/en\/wp-json\/wp\/v2\/media?parent=847"}],"wp:term":[{"taxonomy":"product_brand","embeddable":true,"href":"https:\/\/digushop.com\/en\/wp-json\/wp\/v2\/product_brand?post=847"},{"taxonomy":"product_cat","embeddable":true,"href":"https:\/\/digushop.com\/en\/wp-json\/wp\/v2\/product_cat?post=847"},{"taxonomy":"product_tag","embeddable":true,"href":"https:\/\/digushop.com\/en\/wp-json\/wp\/v2\/product_tag?post=847"}],"curies":[{"name":"wp","href":"https:\/\/api.w.org\/{rel}","templated":true}]}}