{"id":848,"date":"2025-09-29T22:11:33","date_gmt":"2025-09-29T22:11:33","guid":{"rendered":"https:\/\/digushop.com\/?post_type=product&#038;p=848"},"modified":"2025-09-29T22:11:34","modified_gmt":"2025-09-29T22:11:34","slug":"oppo-a60","status":"publish","type":"product","link":"https:\/\/digushop.com\/en\/product\/oppo-a60\/","title":{"rendered":"Oppo A60"},"content":{"rendered":"<p>El OPPO A60 combina resistencia y comodidad. Su pantalla FHD+ con alta tasa de refresco se ve fluida, y los altavoces est\u00e9reo dan m\u00e1s volumen y claridad. La bater\u00eda de 5.000 mAh con carga r\u00e1pida <strong data-start=\"1568\" data-end=\"1581\">SUPERVOOC<\/strong> recupera energ\u00eda en minutos. C\u00e1mara de 50 MP con algoritmos de IA para retratos y noche, y chasis con certificaci\u00f3n de durabilidad (resiste ca\u00eddas\/salpicaduras seg\u00fan pruebas de f\u00e1brica). Ideal para estudiar, trabajar y entretenerse.<\/p>","protected":false},"excerpt":{"rendered":"<p data-start=\"1816\" data-end=\"1950\">Pantalla FHD+ fluida, altavoces est\u00e9reo y <strong data-start=\"1882\" data-end=\"1895\">SUPERVOOC<\/strong>: potencia diaria con bater\u00eda que rinde y carga r\u00e1pido.<\/p>","protected":false},"featured_media":844,"comment_status":"open","ping_status":"closed","template":"","meta":{"_gspb_post_css":"","content-type":""},"product_brand":[],"product_cat":[32],"product_tag":[],"class_list":{"0":"post-848","1":"product","2":"type-product","3":"status-publish","4":"has-post-thumbnail","6":"product_cat-smartphone","7":"thunk-woo-product-list","8":"opn-qv-enable","9":"top-store-woo-hover-zoom","10":"top-store-single-product-tab-horizontal","11":"top-store-shadow-","12":"top-store-shadow-hover-","14":"first","15":"outofstock","16":"shipping-taxable","17":"product-type-simple"},"aioseo_notices":[],"_links":{"self":[{"href":"https:\/\/digushop.com\/en\/wp-json\/wp\/v2\/product\/848","targetHints":{"allow":["GET"]}}],"collection":[{"href":"https:\/\/digushop.com\/en\/wp-json\/wp\/v2\/product"}],"about":[{"href":"https:\/\/digushop.com\/en\/wp-json\/wp\/v2\/types\/product"}],"replies":[{"embeddable":true,"href":"https:\/\/digushop.com\/en\/wp-json\/wp\/v2\/comments?post=848"}],"wp:featuredmedia":[{"embeddable":true,"href":"https:\/\/digushop.com\/en\/wp-json\/wp\/v2\/media\/844"}],"wp:attachment":[{"href":"https:\/\/digushop.com\/en\/wp-json\/wp\/v2\/media?parent=848"}],"wp:term":[{"taxonomy":"product_brand","embeddable":true,"href":"https:\/\/digushop.com\/en\/wp-json\/wp\/v2\/product_brand?post=848"},{"taxonomy":"product_cat","embeddable":true,"href":"https:\/\/digushop.com\/en\/wp-json\/wp\/v2\/product_cat?post=848"},{"taxonomy":"product_tag","embeddable":true,"href":"https:\/\/digushop.com\/en\/wp-json\/wp\/v2\/product_tag?post=848"}],"curies":[{"name":"wp","href":"https:\/\/api.w.org\/{rel}","templated":true}]}}