{"id":851,"date":"2025-09-29T22:17:36","date_gmt":"2025-09-29T22:17:36","guid":{"rendered":"https:\/\/digushop.com\/?post_type=product&#038;p=851"},"modified":"2025-09-29T22:18:10","modified_gmt":"2025-09-29T22:18:10","slug":"oppo-a5-5g","status":"publish","type":"product","link":"https:\/\/digushop.com\/en\/product\/oppo-a5-5g\/","title":{"rendered":"Oppo A5 5G"},"content":{"rendered":"<p>Dise\u00f1ado para navegar y compartir a toda velocidad, el OPPO A5 5G incorpora conectividad 5G, pantalla fluida para juegos y scroll, y una c\u00e1mara m\u00faltiple con retrato y escena nocturna mejorados por IA. La bater\u00eda de larga duraci\u00f3n con carga r\u00e1pida te mantiene activo m\u00e1s tiempo, y RAM Expansion ayuda a abrir m\u00e1s apps sin lag.<\/p>","protected":false},"excerpt":{"rendered":"<p>Conectividad <strong data-start=\"2819\" data-end=\"2825\">5G<\/strong>, pantalla fluida y bater\u00eda de larga duraci\u00f3n con carga r\u00e1pida.<\/p>","protected":false},"featured_media":852,"comment_status":"open","ping_status":"closed","template":"","meta":{"_gspb_post_css":"","content-type":""},"product_brand":[],"product_cat":[32],"product_tag":[],"class_list":{"0":"post-851","1":"product","2":"type-product","3":"status-publish","4":"has-post-thumbnail","6":"product_cat-smartphone","7":"thunk-woo-product-list","8":"opn-qv-enable","9":"top-store-woo-hover-zoom","10":"top-store-single-product-tab-horizontal","11":"top-store-shadow-","12":"top-store-shadow-hover-","14":"first","15":"outofstock","16":"shipping-taxable","17":"product-type-simple"},"aioseo_notices":[],"_links":{"self":[{"href":"https:\/\/digushop.com\/en\/wp-json\/wp\/v2\/product\/851","targetHints":{"allow":["GET"]}}],"collection":[{"href":"https:\/\/digushop.com\/en\/wp-json\/wp\/v2\/product"}],"about":[{"href":"https:\/\/digushop.com\/en\/wp-json\/wp\/v2\/types\/product"}],"replies":[{"embeddable":true,"href":"https:\/\/digushop.com\/en\/wp-json\/wp\/v2\/comments?post=851"}],"wp:featuredmedia":[{"embeddable":true,"href":"https:\/\/digushop.com\/en\/wp-json\/wp\/v2\/media\/852"}],"wp:attachment":[{"href":"https:\/\/digushop.com\/en\/wp-json\/wp\/v2\/media?parent=851"}],"wp:term":[{"taxonomy":"product_brand","embeddable":true,"href":"https:\/\/digushop.com\/en\/wp-json\/wp\/v2\/product_brand?post=851"},{"taxonomy":"product_cat","embeddable":true,"href":"https:\/\/digushop.com\/en\/wp-json\/wp\/v2\/product_cat?post=851"},{"taxonomy":"product_tag","embeddable":true,"href":"https:\/\/digushop.com\/en\/wp-json\/wp\/v2\/product_tag?post=851"}],"curies":[{"name":"wp","href":"https:\/\/api.w.org\/{rel}","templated":true}]}}