{"id":864,"date":"2025-09-29T23:18:46","date_gmt":"2025-09-29T23:18:46","guid":{"rendered":"https:\/\/saddlebrown-rook-270480.hostingersite.com\/?post_type=product&#038;p=864"},"modified":"2025-09-29T23:18:46","modified_gmt":"2025-09-29T23:18:46","slug":"redmi-note-14-pro-5g","status":"publish","type":"product","link":"https:\/\/digushop.com\/en\/product\/redmi-note-14-pro-5g\/","title":{"rendered":"Redmi Note 14 Pro 5G"},"content":{"rendered":"<p>El <strong data-start=\"39\" data-end=\"63\">Redmi Note 14 Pro 5G<\/strong> sube el nivel en gama media con una <strong data-start=\"100\" data-end=\"155\" data-is-only-node=\"\">pantalla AMOLED CrystalRes de 6.67&#8243; (1.5K) a 120 Hz<\/strong>, brillo pico de <strong data-start=\"172\" data-end=\"191\">hasta 3000 nits<\/strong>, <strong data-start=\"193\" data-end=\"203\">12-bit<\/strong> de color, <strong data-start=\"214\" data-end=\"237\">Dolby Vision\/HDR10+<\/strong> y <strong data-start=\"240\" data-end=\"266\">Gorilla Glass Victus 2<\/strong> para mayor resistencia. En fotos, monta un sistema con <strong data-start=\"322\" data-end=\"360\">c\u00e1mara principal de 200 MP con OIS<\/strong> (sensor 1\/1.4&#8243;, f\/1.65), <strong data-start=\"386\" data-end=\"416\">ultra gran angular de 8 MP<\/strong> y <strong data-start=\"419\" data-end=\"436\">macro de 2 MP<\/strong>, m\u00e1s <strong data-start=\"442\" data-end=\"461\">selfie de 20 MP<\/strong>, con v\u00eddeo hasta <strong data-start=\"479\" data-end=\"494\">4K a 30 fps<\/strong>. El desempe\u00f1o corre a cargo del <strong data-start=\"527\" data-end=\"567\">MediaTek Dimensity 7300-Ultra (4 nm)<\/strong>, con opciones de <strong data-start=\"585\" data-end=\"603\">8\/12 GB de RAM<\/strong> y <strong data-start=\"606\" data-end=\"620\">256\/512 GB<\/strong> UFS 2.2. La <strong data-start=\"633\" data-end=\"656\">bater\u00eda de 5110 mAh<\/strong> admite <strong data-start=\"664\" data-end=\"688\">carga r\u00e1pida de 45 W<\/strong>. Completa el conjunto con <strong data-start=\"715\" data-end=\"723\">IP68<\/strong> contra agua y polvo, <strong data-start=\"745\" data-end=\"778\">lector de huellas en pantalla<\/strong>, <strong data-start=\"780\" data-end=\"787\">NFC<\/strong>, <strong data-start=\"789\" data-end=\"826\">altavoces est\u00e9reo con Dolby Atmos<\/strong> y <strong data-start=\"829\" data-end=\"840\">HyperOS<\/strong>. Un tel\u00e9fono equilibrado para quien busca pantalla top, c\u00e1mara muy vers\u00e1til y buena autonom\u00eda en 5G.<\/p>","protected":false},"excerpt":{"rendered":"<p>AMOLED 6.67&#8243; <strong data-start=\"1018\" data-end=\"1033\">1.5K\/120 Hz<\/strong>, <strong data-start=\"1035\" data-end=\"1053\" data-is-only-node=\"\">200 MP con OIS<\/strong>, <strong data-start=\"1055\" data-end=\"1079\">Dimensity 7300-Ultra<\/strong>, <strong data-start=\"1081\" data-end=\"1100\">5110 mAh + 45 W<\/strong>, <strong data-start=\"1102\" data-end=\"1110\">IP68<\/strong>, <strong data-start=\"1112\" data-end=\"1134\">huella en pantalla<\/strong>, <strong data-start=\"1136\" data-end=\"1151\">Dolby Atmos<\/strong> y <strong data-start=\"1154\" data-end=\"1165\">HyperOS<\/strong>: el Redmi Note 14 Pro 5G ofrece potencia, buena c\u00e1mara y resistencia en un solo equipo.<\/p>","protected":false},"featured_media":861,"comment_status":"open","ping_status":"closed","template":"","meta":{"_gspb_post_css":"","content-type":""},"product_brand":[],"product_cat":[32],"product_tag":[],"class_list":{"0":"post-864","1":"product","2":"type-product","3":"status-publish","4":"has-post-thumbnail","6":"product_cat-smartphone","7":"thunk-woo-product-list","8":"opn-qv-enable","9":"top-store-woo-hover-zoom","10":"top-store-single-product-tab-horizontal","11":"top-store-shadow-","12":"top-store-shadow-hover-","14":"first","15":"outofstock","16":"shipping-taxable","17":"product-type-simple"},"aioseo_notices":[],"_links":{"self":[{"href":"https:\/\/digushop.com\/en\/wp-json\/wp\/v2\/product\/864","targetHints":{"allow":["GET"]}}],"collection":[{"href":"https:\/\/digushop.com\/en\/wp-json\/wp\/v2\/product"}],"about":[{"href":"https:\/\/digushop.com\/en\/wp-json\/wp\/v2\/types\/product"}],"replies":[{"embeddable":true,"href":"https:\/\/digushop.com\/en\/wp-json\/wp\/v2\/comments?post=864"}],"wp:featuredmedia":[{"embeddable":true,"href":"https:\/\/digushop.com\/en\/wp-json\/wp\/v2\/media\/861"}],"wp:attachment":[{"href":"https:\/\/digushop.com\/en\/wp-json\/wp\/v2\/media?parent=864"}],"wp:term":[{"taxonomy":"product_brand","embeddable":true,"href":"https:\/\/digushop.com\/en\/wp-json\/wp\/v2\/product_brand?post=864"},{"taxonomy":"product_cat","embeddable":true,"href":"https:\/\/digushop.com\/en\/wp-json\/wp\/v2\/product_cat?post=864"},{"taxonomy":"product_tag","embeddable":true,"href":"https:\/\/digushop.com\/en\/wp-json\/wp\/v2\/product_tag?post=864"}],"curies":[{"name":"wp","href":"https:\/\/api.w.org\/{rel}","templated":true}]}}