{"id":887,"date":"2025-09-30T16:45:37","date_gmt":"2025-09-30T16:45:37","guid":{"rendered":"https:\/\/digushop.com\/?post_type=product&#038;p=887"},"modified":"2025-09-30T16:45:37","modified_gmt":"2025-09-30T16:45:37","slug":"moto-g75-5g","status":"publish","type":"product","link":"https:\/\/digushop.com\/en\/product\/moto-g75-5g\/","title":{"rendered":"Moto G75 5G"},"content":{"rendered":"<p>El <strong data-start=\"35\" data-end=\"50\">Moto g75 5G<\/strong> combina rendimiento 5G con un dise\u00f1o ligero para el d\u00eda a d\u00eda. Su <strong data-start=\"117\" data-end=\"136\">pantalla fluida<\/strong> hace que redes, video y juegos casuales se vean y respondan mejor, mientras que la <strong data-start=\"220\" data-end=\"249\">bater\u00eda de larga duraci\u00f3n<\/strong> te acompa\u00f1a todo el d\u00eda con <strong data-start=\"278\" data-end=\"304\">carga r\u00e1pida por USB-C<\/strong>. La <strong data-start=\"309\" data-end=\"326\">c\u00e1mara con IA<\/strong> mejora fotos en retrato y nocturnas, y con <strong data-start=\"370\" data-end=\"395\">Android limpio (MyUX)<\/strong> tienes una experiencia \u00e1gil, sin apps de m\u00e1s. Incluye <strong data-start=\"450\" data-end=\"471\">lector de huellas<\/strong>, <strong data-start=\"473\" data-end=\"485\">dual SIM<\/strong> y <strong data-start=\"488\" data-end=\"528\">almacenamiento ampliable por microSD<\/strong> para que no te falte espacio.<\/p>","protected":false},"excerpt":{"rendered":"<p><strong data-start=\"584\" data-end=\"600\">Moto g75 5G:<\/strong> velocidad 5G, <strong data-start=\"615\" data-end=\"634\">pantalla fluida<\/strong>, <strong data-start=\"636\" data-end=\"664\">bater\u00eda para todo el d\u00eda<\/strong> y <strong data-start=\"667\" data-end=\"684\">c\u00e1mara con IA<\/strong>. Android limpio, USB-C, dual SIM y <strong data-start=\"720\" data-end=\"731\">microSD<\/strong>.<\/p>","protected":false},"featured_media":877,"comment_status":"open","ping_status":"closed","template":"","meta":{"_gspb_post_css":"","content-type":""},"product_brand":[],"product_cat":[32],"product_tag":[],"class_list":{"0":"post-887","1":"product","2":"type-product","3":"status-publish","4":"has-post-thumbnail","6":"product_cat-smartphone","7":"thunk-woo-product-list","8":"opn-qv-enable","9":"top-store-woo-hover-zoom","10":"top-store-single-product-tab-horizontal","11":"top-store-shadow-","12":"top-store-shadow-hover-","14":"first","15":"outofstock","16":"shipping-taxable","17":"product-type-simple"},"aioseo_notices":[],"_links":{"self":[{"href":"https:\/\/digushop.com\/en\/wp-json\/wp\/v2\/product\/887","targetHints":{"allow":["GET"]}}],"collection":[{"href":"https:\/\/digushop.com\/en\/wp-json\/wp\/v2\/product"}],"about":[{"href":"https:\/\/digushop.com\/en\/wp-json\/wp\/v2\/types\/product"}],"replies":[{"embeddable":true,"href":"https:\/\/digushop.com\/en\/wp-json\/wp\/v2\/comments?post=887"}],"wp:featuredmedia":[{"embeddable":true,"href":"https:\/\/digushop.com\/en\/wp-json\/wp\/v2\/media\/877"}],"wp:attachment":[{"href":"https:\/\/digushop.com\/en\/wp-json\/wp\/v2\/media?parent=887"}],"wp:term":[{"taxonomy":"product_brand","embeddable":true,"href":"https:\/\/digushop.com\/en\/wp-json\/wp\/v2\/product_brand?post=887"},{"taxonomy":"product_cat","embeddable":true,"href":"https:\/\/digushop.com\/en\/wp-json\/wp\/v2\/product_cat?post=887"},{"taxonomy":"product_tag","embeddable":true,"href":"https:\/\/digushop.com\/en\/wp-json\/wp\/v2\/product_tag?post=887"}],"curies":[{"name":"wp","href":"https:\/\/api.w.org\/{rel}","templated":true}]}}