{"id":891,"date":"2025-09-30T16:55:40","date_gmt":"2025-09-30T16:55:40","guid":{"rendered":"https:\/\/digushop.com\/?post_type=product&#038;p=891"},"modified":"2025-09-30T16:55:40","modified_gmt":"2025-09-30T16:55:40","slug":"realme-c75","status":"publish","type":"product","link":"https:\/\/digushop.com\/en\/product\/realme-c75\/","title":{"rendered":"Realme C75"},"content":{"rendered":"<p>El <strong data-start=\"34\" data-end=\"48\">realme C75<\/strong> destaca por su <strong data-start=\"64\" data-end=\"79\" data-is-only-node=\"\">resistencia<\/strong>: triple certificaci\u00f3n <strong data-start=\"102\" data-end=\"120\">IP69\/IP68\/IP66<\/strong>, <strong data-start=\"122\" data-end=\"137\">ArmorShell\u2122<\/strong> y aval <strong data-start=\"145\" data-end=\"162\">T\u00dcV Rheinland<\/strong> para golpes, polvo y agua. Lleva <strong data-start=\"196\" data-end=\"227\">pantalla 6.72&#8243; FHD+ a 90 Hz<\/strong>, <strong data-start=\"229\" data-end=\"276\">bater\u00eda de 6000 mAh (t\u00edpica) con carga 45 W<\/strong>, y el <strong data-start=\"283\" data-end=\"300\">Helio G92 Max<\/strong> para un desempe\u00f1o \u00e1gil en apps y redes. C\u00e1mara principal <strong data-start=\"358\" data-end=\"367\">50 MP<\/strong> y selfie <strong data-start=\"377\" data-end=\"385\">8 MP<\/strong> con modos nocturno\/hi-res. Viene con <strong data-start=\"423\" data-end=\"453\">Android 14 (realme UI 5.0)<\/strong>, <strong data-start=\"455\" data-end=\"466\">dual 4G<\/strong>, <strong data-start=\"468\" data-end=\"518\">8 GB de RAM + expansi\u00f3n din\u00e1mica (hasta 24 GB)<\/strong>, <strong data-start=\"520\" data-end=\"534\">128\/256 GB<\/strong> y <strong data-start=\"537\" data-end=\"559\">microSD hasta 2 TB<\/strong>. Un equipo duradero y rendidor para uso diario.<\/p>","protected":false},"excerpt":{"rendered":"<p><strong data-start=\"671\" data-end=\"686\">realme C75:<\/strong> IP69\/IP68\/IP66 + ArmorShell\u2122, <strong data-start=\"717\" data-end=\"737\">6.72&#8243; FHD+ 90 Hz<\/strong>, <strong data-start=\"739\" data-end=\"758\">6000 mAh + 45 W<\/strong>, <strong data-start=\"760\" data-end=\"777\">Helio G92 Max<\/strong>, <strong data-start=\"779\" data-end=\"795\">c\u00e1mara 50 MP<\/strong>, <strong data-start=\"797\" data-end=\"811\">Android 14<\/strong>, 8 GB RAM (hasta 24 GB) y <strong data-start=\"838\" data-end=\"860\">microSD hasta 2 TB<\/strong>.<\/p>","protected":false},"featured_media":873,"comment_status":"open","ping_status":"closed","template":"","meta":{"_gspb_post_css":"","content-type":""},"product_brand":[],"product_cat":[32],"product_tag":[],"class_list":{"0":"post-891","1":"product","2":"type-product","3":"status-publish","4":"has-post-thumbnail","6":"product_cat-smartphone","7":"thunk-woo-product-list","8":"opn-qv-enable","9":"top-store-woo-hover-zoom","10":"top-store-single-product-tab-horizontal","11":"top-store-shadow-","12":"top-store-shadow-hover-","14":"first","15":"outofstock","16":"shipping-taxable","17":"product-type-simple"},"aioseo_notices":[],"_links":{"self":[{"href":"https:\/\/digushop.com\/en\/wp-json\/wp\/v2\/product\/891","targetHints":{"allow":["GET"]}}],"collection":[{"href":"https:\/\/digushop.com\/en\/wp-json\/wp\/v2\/product"}],"about":[{"href":"https:\/\/digushop.com\/en\/wp-json\/wp\/v2\/types\/product"}],"replies":[{"embeddable":true,"href":"https:\/\/digushop.com\/en\/wp-json\/wp\/v2\/comments?post=891"}],"wp:featuredmedia":[{"embeddable":true,"href":"https:\/\/digushop.com\/en\/wp-json\/wp\/v2\/media\/873"}],"wp:attachment":[{"href":"https:\/\/digushop.com\/en\/wp-json\/wp\/v2\/media?parent=891"}],"wp:term":[{"taxonomy":"product_brand","embeddable":true,"href":"https:\/\/digushop.com\/en\/wp-json\/wp\/v2\/product_brand?post=891"},{"taxonomy":"product_cat","embeddable":true,"href":"https:\/\/digushop.com\/en\/wp-json\/wp\/v2\/product_cat?post=891"},{"taxonomy":"product_tag","embeddable":true,"href":"https:\/\/digushop.com\/en\/wp-json\/wp\/v2\/product_tag?post=891"}],"curies":[{"name":"wp","href":"https:\/\/api.w.org\/{rel}","templated":true}]}}