{"id":908,"date":"2025-09-30T18:45:45","date_gmt":"2025-09-30T18:45:45","guid":{"rendered":"https:\/\/digushop.com\/?post_type=product&#038;p=908"},"modified":"2025-09-30T19:14:48","modified_gmt":"2025-09-30T19:14:48","slug":"iphone-15-128gb","status":"publish","type":"product","link":"https:\/\/digushop.com\/en\/product\/iphone-15-128gb\/","title":{"rendered":"IPhone 15 128GB"},"content":{"rendered":"<p>El iPhone 15 de 128 GB ofrece una pantalla Super Retina XDR de 6.1&#8243; con Dynamic Island (hasta 2.000 nits en exterior), c\u00e1mara dual con principal de 48 MP con estabilizaci\u00f3n por desplazamiento del sensor y telefoto 2x por recorte, m\u00e1s ultra gran angular de 12 MP; graba video 4K Dolby Vision. Integra el chip A16 Bionic, 5G, Wi-Fi 6 y Bluetooth 5.3, adem\u00e1s de USB-C (carga, DisplayPort y USB 2), MagSafe y Qi2 hasta 15 W. Bater\u00eda para hasta 20 h de reproducci\u00f3n de video, Face ID, Ceramic Shield y resistencia IP68 (hasta 6 m por 30 min).<\/p>","protected":false},"excerpt":{"rendered":"<p>iPhone 15 128 GB: Super Retina XDR 6.1&#8243; con Dynamic Island, c\u00e1mara 48 MP + 12 MP, A16 Bionic, USB-C, 5G, MagSafe\/Qi2, hasta 20 h de video e IP68<\/p>","protected":false},"featured_media":909,"comment_status":"open","ping_status":"closed","template":"","meta":{"_gspb_post_css":"","content-type":""},"product_brand":[],"product_cat":[32],"product_tag":[],"class_list":{"0":"post-908","1":"product","2":"type-product","3":"status-publish","4":"has-post-thumbnail","6":"product_cat-smartphone","7":"thunk-woo-product-list","8":"opn-qv-enable","9":"top-store-woo-hover-zoom","10":"top-store-single-product-tab-horizontal","11":"top-store-shadow-","12":"top-store-shadow-hover-","14":"first","15":"instock","16":"sale","17":"shipping-taxable","18":"purchasable","19":"product-type-simple"},"aioseo_notices":[],"_links":{"self":[{"href":"https:\/\/digushop.com\/en\/wp-json\/wp\/v2\/product\/908","targetHints":{"allow":["GET"]}}],"collection":[{"href":"https:\/\/digushop.com\/en\/wp-json\/wp\/v2\/product"}],"about":[{"href":"https:\/\/digushop.com\/en\/wp-json\/wp\/v2\/types\/product"}],"replies":[{"embeddable":true,"href":"https:\/\/digushop.com\/en\/wp-json\/wp\/v2\/comments?post=908"}],"wp:featuredmedia":[{"embeddable":true,"href":"https:\/\/digushop.com\/en\/wp-json\/wp\/v2\/media\/909"}],"wp:attachment":[{"href":"https:\/\/digushop.com\/en\/wp-json\/wp\/v2\/media?parent=908"}],"wp:term":[{"taxonomy":"product_brand","embeddable":true,"href":"https:\/\/digushop.com\/en\/wp-json\/wp\/v2\/product_brand?post=908"},{"taxonomy":"product_cat","embeddable":true,"href":"https:\/\/digushop.com\/en\/wp-json\/wp\/v2\/product_cat?post=908"},{"taxonomy":"product_tag","embeddable":true,"href":"https:\/\/digushop.com\/en\/wp-json\/wp\/v2\/product_tag?post=908"}],"curies":[{"name":"wp","href":"https:\/\/api.w.org\/{rel}","templated":true}]}}