{"id":920,"date":"2025-09-30T20:14:14","date_gmt":"2025-09-30T20:14:14","guid":{"rendered":"https:\/\/digushop.com\/?post_type=product&#038;p=920"},"modified":"2025-09-30T20:14:14","modified_gmt":"2025-09-30T20:14:14","slug":"iphone-16-pro-max-256gb","status":"publish","type":"product","link":"https:\/\/digushop.com\/en\/product\/iphone-16-pro-max-256gb\/","title":{"rendered":"IPhone 16 Pro Max 256GB"},"content":{"rendered":"<p>El iPhone 16 Pro Max sube el nivel con su pantalla <strong data-start=\"113\" data-end=\"141\">Super Retina XDR de 6,9&#8243;<\/strong> con <strong data-start=\"146\" data-end=\"166\">ProMotion 120 Hz<\/strong>, Always-On y brillo pico de <strong data-start=\"195\" data-end=\"209\" data-is-only-node=\"\">2.000 nits<\/strong> en exteriores, para una visual grande, fluida y legible en cualquier entorno. Su cuerpo de <strong data-start=\"301\" data-end=\"312\">titanio<\/strong> con frente <strong data-start=\"324\" data-end=\"342\">Ceramic Shield<\/strong> y trasera de vidrio mate lo hace resistente y premium, adem\u00e1s de contar con <strong data-start=\"419\" data-end=\"427\">IP68<\/strong> contra agua y polvo.<br data-start=\"486\" data-end=\"489\" \/>En rendimiento, integra el <strong data-start=\"516\" data-end=\"532\">chip A18 Pro<\/strong> y conectividad <strong data-start=\"548\" data-end=\"559\">Wi-Fi 7<\/strong>, <strong data-start=\"561\" data-end=\"567\">5G<\/strong>, Bluetooth 5.3 y <strong data-start=\"585\" data-end=\"620\">USB-C con USB 3 (hasta 10 Gb\/s)<\/strong> para transferencias r\u00e1pidas y salida <strong data-start=\"658\" data-end=\"673\">DisplayPort<\/strong>. La bater\u00eda rinde hasta <strong data-start=\"698\" data-end=\"715\">33 h de video<\/strong> (29 h en streaming) y admite <strong data-start=\"745\" data-end=\"767\">MagSafe hasta 25 W<\/strong> y <strong data-start=\"770\" data-end=\"788\">Qi2 hasta 15 W<\/strong>.\u00a0<br data-start=\"827\" data-end=\"830\" \/>El sistema de c\u00e1maras Pro combina <strong data-start=\"864\" data-end=\"893\">principal Fusion de 48 MP<\/strong>, <strong data-start=\"895\" data-end=\"926\">ultra gran angular de 48 MP<\/strong> y <strong data-start=\"929\" data-end=\"973\">teleobjetivo 5\u00d7 (120 mm) con tetraprisma<\/strong>, con rango \u00f3ptico <strong data-start=\"992\" data-end=\"999\">10\u00d7<\/strong>, video <strong data-start=\"1007\" data-end=\"1026\">4K Dolby Vision<\/strong> y <strong data-start=\"1029\" data-end=\"1039\">ProRes<\/strong> (hasta 4K\/120 con grabador externo). Suma <strong data-start=\"1082\" data-end=\"1101\">Bot\u00f3n de Acci\u00f3n<\/strong> y el nuevo <strong data-start=\"1113\" data-end=\"1137\">Control de la C\u00e1mara<\/strong> para disparar y ajustar exposici\u00f3n\/zoom al instante.<br data-start=\"1228\" data-end=\"1231\" \/>Disponible desde <strong data-start=\"1248\" data-end=\"1258\">256 GB<\/strong> (tambi\u00e9n 512 GB\/1 TB) y con bandeja SIM en modelos fuera de EE. UU. (eSIM en todos), es la opci\u00f3n tope para quienes quieren pantalla gigante, c\u00e1maras vers\u00e1tiles y autonom\u00eda larga.<\/p>","protected":false},"excerpt":{"rendered":"<p>6,9&#8243; 120 Hz, <strong data-start=\"1527\" data-end=\"1538\">A18 Pro<\/strong>, c\u00e1maras <strong data-start=\"1548\" data-end=\"1574\">48 MP + 48 MP UGA + 5\u00d7<\/strong> tetraprisma, <strong data-start=\"1588\" data-end=\"1614\" data-is-only-node=\"\">4K Dolby Vision\/ProRes<\/strong>, <strong data-start=\"1616\" data-end=\"1627\">Wi-Fi 7<\/strong>, <strong data-start=\"1629\" data-end=\"1652\">hasta 33 h de video<\/strong>, <strong data-start=\"1654\" data-end=\"1671\">USB-C (USB 3)<\/strong>, <strong data-start=\"1673\" data-end=\"1688\">MagSafe\/Qi2<\/strong>, <strong data-start=\"1690\" data-end=\"1698\">IP68<\/strong>, 256 GB.<\/p>","protected":false},"featured_media":921,"comment_status":"open","ping_status":"closed","template":"","meta":{"_gspb_post_css":"","content-type":""},"product_brand":[],"product_cat":[32],"product_tag":[],"class_list":{"0":"post-920","1":"product","2":"type-product","3":"status-publish","4":"has-post-thumbnail","6":"product_cat-smartphone","7":"thunk-woo-product-list","8":"opn-qv-enable","9":"top-store-woo-hover-zoom","10":"top-store-single-product-tab-horizontal","11":"top-store-shadow-","12":"top-store-shadow-hover-","14":"first","15":"instock","16":"shipping-taxable","17":"purchasable","18":"product-type-variable"},"aioseo_notices":[],"_links":{"self":[{"href":"https:\/\/digushop.com\/en\/wp-json\/wp\/v2\/product\/920","targetHints":{"allow":["GET"]}}],"collection":[{"href":"https:\/\/digushop.com\/en\/wp-json\/wp\/v2\/product"}],"about":[{"href":"https:\/\/digushop.com\/en\/wp-json\/wp\/v2\/types\/product"}],"replies":[{"embeddable":true,"href":"https:\/\/digushop.com\/en\/wp-json\/wp\/v2\/comments?post=920"}],"wp:featuredmedia":[{"embeddable":true,"href":"https:\/\/digushop.com\/en\/wp-json\/wp\/v2\/media\/921"}],"wp:attachment":[{"href":"https:\/\/digushop.com\/en\/wp-json\/wp\/v2\/media?parent=920"}],"wp:term":[{"taxonomy":"product_brand","embeddable":true,"href":"https:\/\/digushop.com\/en\/wp-json\/wp\/v2\/product_brand?post=920"},{"taxonomy":"product_cat","embeddable":true,"href":"https:\/\/digushop.com\/en\/wp-json\/wp\/v2\/product_cat?post=920"},{"taxonomy":"product_tag","embeddable":true,"href":"https:\/\/digushop.com\/en\/wp-json\/wp\/v2\/product_tag?post=920"}],"curies":[{"name":"wp","href":"https:\/\/api.w.org\/{rel}","templated":true}]}}