{"id":940,"date":"2025-10-01T18:06:06","date_gmt":"2025-10-01T18:06:06","guid":{"rendered":"https:\/\/digushop.com\/?post_type=product&#038;p=940"},"modified":"2025-10-01T18:06:06","modified_gmt":"2025-10-01T18:06:06","slug":"iphone-17-pro-max-512gb","status":"publish","type":"product","link":"https:\/\/digushop.com\/en\/product\/iphone-17-pro-max-512gb\/","title":{"rendered":"IPhone 17 Pro Max 512GB"},"content":{"rendered":"<p>El iPhone 17 Pro Max de 512 GB eleva todo: pantalla Super Retina XDR de 6,9\u2033 con ProMotion 120 Hz y pico de 3.000 nits para verlo perfecto al sol; cuerpo unibody de aluminio con Ceramic Shield 2 al frente y Ceramic Shield atr\u00e1s; y el chip A19 Pro que impulsa Apple Intelligence para fotos, video y tareas pro. El sistema triple de 48 MP incorpora un teleobjetivo tetraprisma equivalente a 200 mm con \u201c8\u00d7 de zoom de calidad \u00f3ptica\u201d (16\u00d7 de rango \u00f3ptico total), ideal para retratos y tomas lejanas, mientras la c\u00e1mara frontal de 18 MP con Center Stage mejora selfies y videollamadas. Suma 5G, Wi-Fi 7, USB-C (hasta 10 Gb\/s), carga r\u00e1pida al 50 % en ~20 min con el adaptador de 40 W, MagSafe\/Qi2 de 25 W y hasta 39 h de reproducci\u00f3n de video. Potente, resistente y con espacio de sobra para apps, fotos 48 MP y video ProRes\/RAW.<\/p>","protected":false},"excerpt":{"rendered":"<p>iPhone 17 Pro Max (512 GB): pantalla 6,9\u2033 120 Hz, A19 Pro con Apple Intelligence, triple c\u00e1mara de 48 MP con tele 200 mm y zoom \u00f3ptico-calidad 8\u00d7, bater\u00eda para hasta 39 h y USB-C\/Wi-Fi 7.<\/p>","protected":false},"featured_media":939,"comment_status":"open","ping_status":"closed","template":"","meta":{"_gspb_post_css":"","content-type":""},"product_brand":[],"product_cat":[32],"product_tag":[],"class_list":{"0":"post-940","1":"product","2":"type-product","3":"status-publish","4":"has-post-thumbnail","6":"product_cat-smartphone","7":"thunk-woo-product-list","8":"opn-qv-enable","9":"top-store-woo-hover-zoom","10":"top-store-single-product-tab-horizontal","11":"top-store-shadow-","12":"top-store-shadow-hover-","14":"first","15":"instock","16":"shipping-taxable","17":"purchasable","18":"product-type-simple"},"aioseo_notices":[],"_links":{"self":[{"href":"https:\/\/digushop.com\/en\/wp-json\/wp\/v2\/product\/940","targetHints":{"allow":["GET"]}}],"collection":[{"href":"https:\/\/digushop.com\/en\/wp-json\/wp\/v2\/product"}],"about":[{"href":"https:\/\/digushop.com\/en\/wp-json\/wp\/v2\/types\/product"}],"replies":[{"embeddable":true,"href":"https:\/\/digushop.com\/en\/wp-json\/wp\/v2\/comments?post=940"}],"wp:featuredmedia":[{"embeddable":true,"href":"https:\/\/digushop.com\/en\/wp-json\/wp\/v2\/media\/939"}],"wp:attachment":[{"href":"https:\/\/digushop.com\/en\/wp-json\/wp\/v2\/media?parent=940"}],"wp:term":[{"taxonomy":"product_brand","embeddable":true,"href":"https:\/\/digushop.com\/en\/wp-json\/wp\/v2\/product_brand?post=940"},{"taxonomy":"product_cat","embeddable":true,"href":"https:\/\/digushop.com\/en\/wp-json\/wp\/v2\/product_cat?post=940"},{"taxonomy":"product_tag","embeddable":true,"href":"https:\/\/digushop.com\/en\/wp-json\/wp\/v2\/product_tag?post=940"}],"curies":[{"name":"wp","href":"https:\/\/api.w.org\/{rel}","templated":true}]}}